{"id":208,"date":"2025-09-04T18:24:12","date_gmt":"2025-09-04T16:24:12","guid":{"rendered":"https:\/\/www.chloesterli-pension.ch\/?page_id=208"},"modified":"2025-09-04T18:38:45","modified_gmt":"2025-09-04T16:38:45","slug":"our-regional-partners","status":"publish","type":"page","link":"https:\/\/www.chloesterli-pension.ch\/?page_id=208","title":{"rendered":"Our Regional Partners"},"content":{"rendered":"\n<p>At Pension Chl\u00f6sterli, we place great importance on quality, regionality, and sustainability. That\u2019s why we carefully select our partners and suppliers. Many of our products come from Swiss producers who share the same passion for their craft as we do for our guests.<\/p>\n\n\n\n<h4 class=\"wp-block-heading\">\u2615 Tea \u2013 <a href=\"https:\/\/www.sirocco.ch\/?utm_source=chatgpt.com\">Sirocco<\/a><\/h4>\n\n\n\n<p>We source our tea from the Swiss heritage brand&nbsp;<strong>Sirocco<\/strong>. The company stands for organic quality, fair trade, and a long tradition in fine gourmet products.<\/p>\n\n\n\n<h4 class=\"wp-block-heading\">\u2615 Coffee \u2013 <a href=\"https:\/\/chiccodoro.com\/en\/company\/\">Chicco d\u2019Oro<\/a><\/h4>\n\n\n\n<p>For our coffee, we rely on&nbsp;<strong>Chicco d\u2019Oro<\/strong>, a traditional Swiss roastery from Ticino. Since 1949, Chicco d\u2019Oro has been synonymous with passion, quality, and carefully selected beans from the world\u2019s best growing regions.<\/p>\n\n\n\n<p>The blend impresses with its balanced aroma and fine crema \u2013 the perfect way to start the day at Pension Chl\u00f6sterli with a good espresso, cappuccino, or caf\u00e9 cr\u00e8me.<\/p>\n\n\n\n<h4 class=\"wp-block-heading\">\ud83c\udf5e Bread &amp; Baked Goods \u2013 H\u00e4nggi Bakery<\/h4>\n\n\n\n<p>Fresh bread and croissants come from&nbsp;<strong>H\u00e4nggi Bakery<\/strong>&nbsp;in Kriens. This way, we can always offer our guests crispy, oven-fresh specialties.<\/p>\n","protected":false},"excerpt":{"rendered":"<p>At Pension Chl\u00f6sterli, we place great importance on quality, regionality, and sustainability. That\u2019s why we carefully select our partners and suppliers. Many of our products come from Swiss producers who share the same passion for their craft as we do for our guests. \u2615 Tea \u2013 Sirocco We source our tea from the Swiss heritage&hellip; <a class=\"more-link\" href=\"https:\/\/www.chloesterli-pension.ch\/?page_id=208\">Continue reading <span class=\"screen-reader-text\">Our Regional Partners<\/span><\/a><\/p>\n","protected":false},"author":1,"featured_media":214,"parent":0,"menu_order":0,"comment_status":"closed","ping_status":"closed","template":"","meta":{"footnotes":""},"class_list":["post-208","page","type-page","status-publish","has-post-thumbnail","hentry","entry"],"_links":{"self":[{"href":"https:\/\/www.chloesterli-pension.ch\/index.php?rest_route=\/wp\/v2\/pages\/208","targetHints":{"allow":["GET"]}}],"collection":[{"href":"https:\/\/www.chloesterli-pension.ch\/index.php?rest_route=\/wp\/v2\/pages"}],"about":[{"href":"https:\/\/www.chloesterli-pension.ch\/index.php?rest_route=\/wp\/v2\/types\/page"}],"author":[{"embeddable":true,"href":"https:\/\/www.chloesterli-pension.ch\/index.php?rest_route=\/wp\/v2\/users\/1"}],"replies":[{"embeddable":true,"href":"https:\/\/www.chloesterli-pension.ch\/index.php?rest_route=%2Fwp%2Fv2%2Fcomments&post=208"}],"version-history":[{"count":4,"href":"https:\/\/www.chloesterli-pension.ch\/index.php?rest_route=\/wp\/v2\/pages\/208\/revisions"}],"predecessor-version":[{"id":219,"href":"https:\/\/www.chloesterli-pension.ch\/index.php?rest_route=\/wp\/v2\/pages\/208\/revisions\/219"}],"wp:featuredmedia":[{"embeddable":true,"href":"https:\/\/www.chloesterli-pension.ch\/index.php?rest_route=\/wp\/v2\/media\/214"}],"wp:attachment":[{"href":"https:\/\/www.chloesterli-pension.ch\/index.php?rest_route=%2Fwp%2Fv2%2Fmedia&parent=208"}],"curies":[{"name":"wp","href":"https:\/\/api.w.org\/{rel}","templated":true}]}}