{"id":202,"date":"2025-09-04T18:20:01","date_gmt":"2025-09-04T16:20:01","guid":{"rendered":"https:\/\/www.chloesterli-pension.ch\/?page_id=202"},"modified":"2025-09-04T18:38:58","modified_gmt":"2025-09-04T16:38:58","slug":"unsere-partner-lieferanten","status":"publish","type":"page","link":"https:\/\/www.chloesterli-pension.ch\/?page_id=202&lang=de","title":{"rendered":"Unsere regionalen Partner"},"content":{"rendered":"\n<p>In der Pension Chl\u00f6sterli legen wir grossen Wert auf Qualit\u00e4t, Regionalit\u00e4t und Nachhaltigkeit. Darum w\u00e4hlen wir unsere Partner und Lieferanten mit Sorgfalt aus. Viele unserer Produkte stammen von Schweizer Produzenten, die genauso viel Leidenschaft f\u00fcr ihre Arbeit haben wie wir f\u00fcr unsere G\u00e4ste.<\/p>\n\n\n\n<h4 class=\"wp-block-heading\">\u2615 Tee \u2013&nbsp;<a href=\"https:\/\/www.sirocco.ch\/?utm_source=chatgpt.com\">Sirocco<\/a><\/h4>\n\n\n\n<p>Wir beziehen unseren Tee von der Schweizer Traditionsmarke&nbsp;<strong>Sirocco<\/strong>. Das Unternehmen steht f\u00fcr Bio-Qualit\u00e4t, fairen Handel und eine lange Geschichte im Bereich Genussmittel.<\/p>\n\n\n\n<h4 class=\"wp-block-heading\">\u2615 Kaffee \u2013&nbsp;<a href=\"https:\/\/chiccodoro.com\/de\/unternehmen\/\">Chicco d\u2019Or<\/a><a>o<\/a><\/h4>\n\n\n\n<p>F\u00fcr unseren Kaffee setzen wir auf&nbsp;<strong>Chicco d\u2019Oro<\/strong>, eine traditionsreiche Schweizer R\u00f6sterei aus dem Tessin. Seit 1949 steht Chicco d\u2019Oro f\u00fcr Leidenschaft, Qualit\u00e4t und sorgf\u00e4ltig ausgew\u00e4hlte Bohnen aus den besten Anbaugebieten der Welt.<\/p>\n\n\n\n<p>Die Mischung \u00fcberzeugt durch ein ausgewogenes Aroma und eine feine Crema \u2013 perfekt, um den Tag bei uns in der Pension Chl\u00f6sterli mit einem guten Espresso, Cappuccino oder Caf\u00e9 Cr\u00e8me zu beginnen.<\/p>\n\n\n\n<h4 class=\"wp-block-heading\">\ud83c\udf5e Brot &amp; Backwaren \u2013 B\u00e4ckerei H\u00e4nggi<\/h4>\n\n\n\n<p>Frisches Brot und Gipfeli kommen von der <strong>B\u00e4ckerei H\u00e4nggi <\/strong>in Kriens. So k\u00f6nnen wir unseren G\u00e4sten immer knusprige, ofenfrische Spezialit\u00e4ten anbieten.<\/p>\n\n\n\n<p><\/p>\n","protected":false},"excerpt":{"rendered":"<p>In der Pension Chl\u00f6sterli legen wir grossen Wert auf Qualit\u00e4t, Regionalit\u00e4t und Nachhaltigkeit. Darum w\u00e4hlen wir unsere Partner und Lieferanten mit Sorgfalt aus. Viele unserer Produkte stammen von Schweizer Produzenten, die genauso viel Leidenschaft f\u00fcr ihre Arbeit haben wie wir f\u00fcr unsere G\u00e4ste. \u2615 Tee \u2013&nbsp;Sirocco Wir beziehen unseren Tee von der Schweizer Traditionsmarke&nbsp;Sirocco. Das&hellip; <a class=\"more-link\" href=\"https:\/\/www.chloesterli-pension.ch\/?page_id=202&#038;lang=de\">Continue reading <span class=\"screen-reader-text\">Unsere regionalen Partner<\/span><\/a><\/p>\n","protected":false},"author":1,"featured_media":214,"parent":0,"menu_order":0,"comment_status":"closed","ping_status":"closed","template":"","meta":{"footnotes":""},"class_list":["post-202","page","type-page","status-publish","has-post-thumbnail","hentry","entry"],"_links":{"self":[{"href":"https:\/\/www.chloesterli-pension.ch\/index.php?rest_route=\/wp\/v2\/pages\/202","targetHints":{"allow":["GET"]}}],"collection":[{"href":"https:\/\/www.chloesterli-pension.ch\/index.php?rest_route=\/wp\/v2\/pages"}],"about":[{"href":"https:\/\/www.chloesterli-pension.ch\/index.php?rest_route=\/wp\/v2\/types\/page"}],"author":[{"embeddable":true,"href":"https:\/\/www.chloesterli-pension.ch\/index.php?rest_route=\/wp\/v2\/users\/1"}],"replies":[{"embeddable":true,"href":"https:\/\/www.chloesterli-pension.ch\/index.php?rest_route=%2Fwp%2Fv2%2Fcomments&post=202"}],"version-history":[{"count":5,"href":"https:\/\/www.chloesterli-pension.ch\/index.php?rest_route=\/wp\/v2\/pages\/202\/revisions"}],"predecessor-version":[{"id":220,"href":"https:\/\/www.chloesterli-pension.ch\/index.php?rest_route=\/wp\/v2\/pages\/202\/revisions\/220"}],"wp:featuredmedia":[{"embeddable":true,"href":"https:\/\/www.chloesterli-pension.ch\/index.php?rest_route=\/wp\/v2\/media\/214"}],"wp:attachment":[{"href":"https:\/\/www.chloesterli-pension.ch\/index.php?rest_route=%2Fwp%2Fv2%2Fmedia&parent=202"}],"curies":[{"name":"wp","href":"https:\/\/api.w.org\/{rel}","templated":true}]}}